{"id":90,"date":"2018-10-28T00:11:14","date_gmt":"2018-10-28T00:11:14","guid":{"rendered":"http:\/\/worldafrica-experience.com\/?page_id=90"},"modified":"2018-10-28T00:16:59","modified_gmt":"2018-10-28T00:16:59","slug":"politica-de-privacidad","status":"publish","type":"page","link":"https:\/\/worldafrica-experience.com\/es_es\/politica-de-privacidad","title":{"rendered":"Pol\u00edtica de privacidad"},"content":{"rendered":"<p>Esta pol\u00edtica de privacidad se ha creado para prestar un mejor servicio a aquellos que est\u00e9n preocupados por la forma en que su \u2018Informaci\u00f3n de Identificaci\u00f3n personal\u2019 (PII) se utiliza en l\u00ednea. PII, tal y como se utiliza en la ley de privacidad y seguridad de la informaci\u00f3n de los EE. UU: es la informaci\u00f3n que se puede usar por s\u00ed misma o con otra informaci\u00f3n para identificar, contactar o localizar a una sola persona, o para determinar a una persona en su contexto.<\/p>\n<p>Lea detenidamente nuestra pol\u00edtica de privacidad para obtener una comprensi\u00f3n clara de c\u00f3mo recopilamos, usamos, protegemos o manejamos su informaci\u00f3n de identificaci\u00f3n personal de acuerdo con nuestro sitio web.<\/p>\n<p><span style=\"font-size: 14pt;\"><strong>\u00bfQU\u00c9 INFORMACI\u00d3N PERSONAL RECOPILAMOS DE LAS PERSONAS QUE VISITAN NUESTRA WEB?<\/strong><\/span><br \/>\nAl rellenar el formulario de contacto se le puede solicitar que ingrese su nombre, direcci\u00f3n de correo electr\u00f3nico, direcci\u00f3n postal, n\u00famero de tel\u00e9fono u otros detalles para ayudarle con su experiencia.<\/p>\n<p><span style=\"font-size: 14pt;\"><strong>\u00bfCU\u00c1NDO RECOLECTAMOS INFORMACI\u00d3N?<\/strong><\/span><br \/>\nRecopilamos su informaci\u00f3n cuando completa un formulario de contacto.<\/p>\n<p><span style=\"font-size: 14pt;\"><strong>\u00bfC\u00d3MO USAMOS SU INFORMACI\u00d3N?<\/strong><\/span><br \/>\nPodemos utilizar la informaci\u00f3n cuando se subscribe, hace una reserva, se registra en nuestro bolet\u00edn informativo, responde a una encuesta o comunicaci\u00f3n de marketing, navega por el sitio web o utiliza otras caracter\u00edsticas del sitio de las siguientes maneras:<\/p>\n<p>\u2022 Permite brindarle un mejor servicio al responder a sus solicitudes de atenci\u00f3n al cliente.<br \/>\n\u2022 Evita correos electr\u00f3nicos peri\u00f3dicos con respecto a su reserva u otros productos y servicios.<\/p>\n<p><span style=\"font-size: 14pt;\"><strong>\u00bfUSAMOS COOKIES?<\/strong><\/span><br \/>\nS\u00ed. Las cookies son peque\u00f1os archivos que un sitio web o su proveedor de servicios transfiere al disco duro de su computadora a trav\u00e9s de su navegador web (si lo permite) para que los sistemas del sitio o del proveedor de servicios reconozcan su navegador y capturen y recuerden cierta informaci\u00f3n. Por ejemplo, usamos cookies para ayudarnos a recordar y procesar los art\u00edculos en su carrito de compras. Tambi\u00e9n se utilizan para ayudarnos a comprender sus preferencias en funci\u00f3n de la actividad del sitio anterior o actual, lo que nos permite brindarle mejores servicios. Tambi\u00e9n utilizamos cookies para ayudarnos a recopilar datos agregados sobre el tr\u00e1fico del sitio y la interacci\u00f3n del sitio, para que podamos ofrecer mejores experiencias y herramientas del sitio en el futuro.<\/p>\n<p><span style=\"font-size: 14pt;\"><strong>UTILIZAMOS COOKIES PARA:<\/strong><\/span><br \/>\nMantener un registro de los anuncios.<\/p>\n<p>Puede optar por que su computadora lo advierta cada vez que se env\u00eda una cookie, o puede optar por desactivar todas las cookies. H\u00e1galo a trav\u00e9s de la configuraci\u00f3n de su navegador (como Internet Explorer). Cada navegador es un poco diferente, as\u00ed que mire el men\u00fa de Ayuda de su navegador para conocer la forma correcta de modificar sus cookies.<\/p>\n<p>Si desactiva las cookies, algunas funciones se desactivar\u00e1n. No afectar\u00e1 la experiencia del usuario que haga que su visita en el sitio sea m\u00e1s eficiente y algunos de nuestros servicios no funcionar\u00e1n correctamente. Sin embargo, puede realizar reservas.<\/p>\n<p><span style=\"font-size: 14pt;\"><strong>DIVULGACI\u00d3N DE TERCEROS<\/strong><\/span><br \/>\nNo vendemos, comercializamos ni transferimos a terceros su informaci\u00f3n de identificaci\u00f3n personal, a menos que proporcionemos a los usuarios una notificaci\u00f3n previa. Esto no incluye a los socios de hospedaje del sitio web y otras partes que nos ayudan a operar nuestro sitio web, dirigir nuestro negocio o servir a nuestros usuarios, siempre y cuando esas partes acuerden mantener esta informaci\u00f3n confidencial. Tambi\u00e9n podemos transferir informaci\u00f3n cuando su divulgaci\u00f3n sea apropiada para cumplir con la ley, hacer cumplir las pol\u00edticas de nuestro sitio o proteger nuestros derechos, propiedad o seguridad.<\/p>\n<p>Sin embargo, la informaci\u00f3n de identificaci\u00f3n no personal se puede proporcionar a otras partes para mercadeo, publicidad u otros usos.<\/p>\n<p><span style=\"font-size: 14pt;\"><strong>ENLACES DE TERCEROS<\/strong><\/span><br \/>\nOcasionalmente, a nuestro criterio, podemos incluir u ofrecer productos o servicios de terceros en nuestro sitio web. Estos sitios de terceros tienen pol\u00edticas de privacidad separadas e independientes. Por lo tanto, no tenemos ninguna responsabilidad por el contenido y las actividades de estos sitios vinculados. No obstante, buscamos proteger la integridad de nuestro sitio y agradecemos cualquier comentario sobre estos.<\/p>\n<p><span style=\"font-size: 14pt;\"><strong>GOOGLE<\/strong><\/span><br \/>\nLos requisitos de publicidad de Google se pueden resumir en los Principios de publicidad de Google. Se ponen en marcha para proporcionar una experiencia positiva para los usuarios. https:\/\/support.google.com\/adwordspolicy\/answer\/1316548?hl=en<\/p>\n<p>No hemos habilitado Google AdSense en nuestro sitio, pero podemos hacerlo en el futuro.<\/p>\n<p><span style=\"font-size: 14pt;\"><strong>LEY DE PROTECCI\u00d3N DE PRIVACIDAD EN L\u00cdNEA DE CALIFORNIA<\/strong><\/span><br \/>\nCALOPPA es la primera ley estatal de la naci\u00f3n que exige que los sitios web comerciales y los servicios en l\u00ednea publiquen una pol\u00edtica de privacidad. El alcance de la ley se extiende m\u00e1s all\u00e1 de California para exigir a una persona o empresa en los Estados Unidos (y posiblemente en el mundo) que opera sitios web que recopilan informaci\u00f3n personal identificable de los consumidores de California; para aquellos que publiquen una pol\u00edtica de privacidad en su sitio web que indique exactamente la informaci\u00f3n que se recopila y personas con quienes se comparte, y as\u00ed cumplir con esta pol\u00edtica.<\/p>\n<p>Ver m\u00e1s en: http:\/\/consumercal.org\/california-online-privacy-protection-act-caloppa\/#sthash.0FdRbT51.dpuf<\/p>\n<p><span style=\"font-size: 14pt;\"><strong>SEG\u00daN CALOPPA, ACEPTAMOS LO SIGUIENTE:<\/strong><\/span><br \/>\nLos usuarios pueden visitar nuestro sitio de forma an\u00f3nima.<\/p>\n<p>Una vez que se haya creado esta pol\u00edtica de privacidad, agregaremos un enlace a ella en nuestra p\u00e1gina de inicio o, como m\u00ednimo, en la primera p\u00e1gina importante despu\u00e9s de ingresar a nuestro sitio web.<\/p>\n<p>Nuestro enlace de Pol\u00edtica de privacidad incluye la palabra &#8216;Privacidad&#8217; y se puede encontrar f\u00e1cilmente en la p\u00e1gina especificada anteriormente.<\/p>\n<p>Los usuarios ser\u00e1n notificados de cualquier cambio en la pol\u00edtica de privacidad por correo electr\u00f3nico. Los usuarios pueden cambiar su informaci\u00f3n personal envi\u00e1ndonos un correo electr\u00f3nico.<\/p>\n<p><span style=\"font-size: 14pt;\"><strong>\u00bfC\u00d3MO NUESTRO SITIO WEB NO RASTREA LAS SE\u00d1ALES?<\/strong><\/span><br \/>\nRespetamos las se\u00f1ales de no rastrear y no rastreamos, no implantamos cookies ni utilizamos publicidad cuando hay un mecanismo de navegaci\u00f3n No rastrear (DNT).<\/p>\n<p><span style=\"font-size: 14pt;\"><strong>\u00bfPERMITE NUESTRO SITIO EL SEGUIMIENTO CONDUCTUAL DE TERCEROS?<\/strong><\/span><br \/>\nTambi\u00e9n es importante tener en cuenta que permitimos el seguimiento del comportamiento de terceros.<\/p>\n<p><span style=\"font-size: 14pt;\"><strong>COPPA (LEY DE PROTECCI\u00d3N Y PRIVACIDAD PARA NI\u00d1OS EN L\u00cdNEA)<\/strong><\/span><br \/>\nCuando se trata de la recopilaci\u00f3n de informaci\u00f3n personal de ni\u00f1os menores de 13 a\u00f1os, la Ley de Protecci\u00f3n de la Privacidad en L\u00ednea de los Ni\u00f1os (COPPA) pone a los padres en control. La Comisi\u00f3n Federal de Comercio, la agencia nacional de protecci\u00f3n al consumidor aplica la Regla COPPA, que detalla lo que los operadores de sitios web y servicios en l\u00ednea deben hacer para proteger la privacidad y seguridad de los ni\u00f1os en l\u00ednea.<\/p>\n<p>No comercializamos espec\u00edficamente a ni\u00f1os menores de 13 a\u00f1os.<\/p>\n<p><span style=\"font-size: 14pt;\"><strong>PR\u00c1CTICAS DE INFORMACI\u00d3N JUSTAS<\/strong><\/span><br \/>\nLos Principios de pr\u00e1cticas justas de informaci\u00f3n forman la columna vertebral de la ley de privacidad en los Estados Unidos y los conceptos que incluyen han jugado un papel importante en el desarrollo de las leyes de protecci\u00f3n de datos en todo el mundo. Comprender los Principios Pr\u00e1cticos de Informaci\u00f3n Justa y c\u00f3mo deben implementarse, es fundamental para cumplir con las diversas leyes de privacidad que protegen la informaci\u00f3n personal.<\/p>\n<p>Para estar en l\u00ednea con las Pr\u00e1cticas de informaci\u00f3n justas, tomaremos la siguiente medida de respuesta, en caso de que se produzca una violaci\u00f3n de datos:<\/p>\n<p>Notificaremos a los usuarios por correo electr\u00f3nico<br \/>\n\u2022 Dentro de 7 d\u00edas h\u00e1biles<\/p>\n<p>Notificaremos a los usuarios a trav\u00e9s de la notificaci\u00f3n en el sitio<br \/>\n\u2022 Dentro de 7 d\u00edas h\u00e1biles<\/p>\n<p>Tambi\u00e9n estamos de acuerdo con el Principio de Reparaci\u00f3n Individual, que exige que los individuos tengan la garant\u00eda de ejercer derechos legalmente exigibles contra los recolectores de datos y procesadores que no cumplan con la ley. Este principio requiere no solo que los individuos tengan derechos exigibles contra los usuarios de los datos, sino tambi\u00e9n que los individuos recurran a los tribunales o agencias gubernamentales para investigar y \/ o enjuiciar el incumplimiento por parte de los procesadores de datos.<\/p>\n<p><span style=\"font-size: 14pt;\"><strong>CAN SPAM ACT<\/strong><\/span><br \/>\nLa ley CAN-SPAM es una ley que establece las reglas para el correo electr\u00f3nico comercial, establece los requisitos para los mensajes comerciales, otorga a los destinatarios el derecho a que se les detenga el env\u00edo de mensajes de correo electr\u00f3nico y detalla penas severas para las infracciones.<\/p>\n<p>Recopilamos su direcci\u00f3n de correo electr\u00f3nico para:<\/p>\n<p>&#8211; Para estar de acuerdo con CANSPAM, y aceptamos lo siguiente:<\/p>\n<p>Si en cualquier momento desea darse de baja de recibir correos electr\u00f3nicos futuros, puede enviarnos un correo electr\u00f3nico y lo eliminaremos inmediatamente de TODA la correspondencia.<\/p>\n<p><span style=\"font-size: 14pt;\"><strong>CONTACTARNOS<\/strong><\/span><br \/>\nSi tiene alguna pregunta con respecto a esta pol\u00edtica de privacidad, puede comunicarse con nosotros utilizando la informaci\u00f3n a continuaci\u00f3n.<\/p>\n<p>\u2022 info@worldafrica-experience.com<\/p>\n","protected":false},"excerpt":{"rendered":"<p>Esta pol\u00edtica de privacidad se ha creado para prestar un mejor servicio a aquellos que est\u00e9n preocupados por la forma en que su \u2018Informaci\u00f3n de Identificaci\u00f3n personal\u2019 (PII) se utiliza en l\u00ednea. PII, tal y como se utiliza en la ley de privacidad y seguridad de la informaci\u00f3n de los EE. UU: es la informaci\u00f3n&#8230; <\/p>\n","protected":false},"author":1,"featured_media":0,"parent":0,"menu_order":0,"comment_status":"closed","ping_status":"closed","template":"full-width.php","meta":{"spay_email":""},"jetpack_sharing_enabled":false,"jetpack_shortlink":"https:\/\/wp.me\/PaoFiC-1s","_links":{"self":[{"href":"https:\/\/worldafrica-experience.com\/es_es\/wp-json\/wp\/v2\/pages\/90"}],"collection":[{"href":"https:\/\/worldafrica-experience.com\/es_es\/wp-json\/wp\/v2\/pages"}],"about":[{"href":"https:\/\/worldafrica-experience.com\/es_es\/wp-json\/wp\/v2\/types\/page"}],"author":[{"embeddable":true,"href":"https:\/\/worldafrica-experience.com\/es_es\/wp-json\/wp\/v2\/users\/1"}],"replies":[{"embeddable":true,"href":"https:\/\/worldafrica-experience.com\/es_es\/wp-json\/wp\/v2\/comments?post=90"}],"version-history":[{"count":3,"href":"https:\/\/worldafrica-experience.com\/es_es\/wp-json\/wp\/v2\/pages\/90\/revisions"}],"predecessor-version":[{"id":93,"href":"https:\/\/worldafrica-experience.com\/es_es\/wp-json\/wp\/v2\/pages\/90\/revisions\/93"}],"wp:attachment":[{"href":"https:\/\/worldafrica-experience.com\/es_es\/wp-json\/wp\/v2\/media?parent=90"}],"curies":[{"name":"wp","href":"https:\/\/api.w.org\/{rel}","templated":true}]}}