{"id":132,"date":"2018-11-17T17:41:58","date_gmt":"2018-11-17T17:41:58","guid":{"rendered":"http:\/\/worldafrica-experience.com\/?page_id=132"},"modified":"2018-12-19T20:10:35","modified_gmt":"2018-12-19T20:10:35","slug":"montate-y-disfruta","status":"publish","type":"page","link":"https:\/\/worldafrica-experience.com\/es_es\/montate-y-disfruta","title":{"rendered":"M\u00d3NTATE Y DISFRUTA"},"content":{"rendered":"<p style=\"text-align: center;\"><span style=\"font-size: 14pt;\">Experiencias \u00fanicas en el territorio <strong>Tanzano<\/strong> (Norte y Sur), visitas a <strong>Tribus<\/strong>, interacci\u00f3n con la <strong>poblaci\u00f3n local<\/strong>, rutas en <strong>bicicleta<\/strong>, visitas a escuelas y mercados locales.<\/span><\/p>\n<p><img loading=\"lazy\" class=\"alignnone size-large wp-image-263 aligncenter\" src=\"http:\/\/worldafrica-experience.com\/wp-content\/uploads\/2018\/12\/unspecified-1024x678.jpeg\" alt=\"\" width=\"1024\" height=\"678\" srcset=\"https:\/\/worldafrica-experience.com\/wp-content\/uploads\/2018\/12\/unspecified-1024x678.jpeg 1024w, https:\/\/worldafrica-experience.com\/wp-content\/uploads\/2018\/12\/unspecified-300x199.jpeg 300w, https:\/\/worldafrica-experience.com\/wp-content\/uploads\/2018\/12\/unspecified-768x508.jpeg 768w, https:\/\/worldafrica-experience.com\/wp-content\/uploads\/2018\/12\/unspecified.jpeg 1600w\" sizes=\"(max-width: 1024px) 100vw, 1024px\" \/><\/p>\n<p><img loading=\"lazy\" class=\"size-large wp-image-130 aligncenter\" src=\"http:\/\/worldafrica-experience.com\/wp-content\/uploads\/2018\/11\/Lemala-Mara-DSC07287-1024x683.jpg\" alt=\"\" width=\"1024\" height=\"683\" srcset=\"https:\/\/worldafrica-experience.com\/wp-content\/uploads\/2018\/11\/Lemala-Mara-DSC07287-1024x683.jpg 1024w, https:\/\/worldafrica-experience.com\/wp-content\/uploads\/2018\/11\/Lemala-Mara-DSC07287-300x200.jpg 300w, https:\/\/worldafrica-experience.com\/wp-content\/uploads\/2018\/11\/Lemala-Mara-DSC07287-768x512.jpg 768w\" sizes=\"(max-width: 1024px) 100vw, 1024px\" \/><\/p>\n","protected":false},"excerpt":{"rendered":"<p>Experiencias \u00fanicas en el territorio Tanzano (Norte y Sur), visitas a Tribus, interacci\u00f3n con la poblaci\u00f3n local, rutas en bicicleta, visitas a escuelas y mercados locales.<\/p>\n","protected":false},"author":1,"featured_media":0,"parent":0,"menu_order":0,"comment_status":"closed","ping_status":"closed","template":"full-width.php","meta":{"spay_email":""},"jetpack_sharing_enabled":true,"jetpack_shortlink":"https:\/\/wp.me\/PaoFiC-28","_links":{"self":[{"href":"https:\/\/worldafrica-experience.com\/es_es\/wp-json\/wp\/v2\/pages\/132"}],"collection":[{"href":"https:\/\/worldafrica-experience.com\/es_es\/wp-json\/wp\/v2\/pages"}],"about":[{"href":"https:\/\/worldafrica-experience.com\/es_es\/wp-json\/wp\/v2\/types\/page"}],"author":[{"embeddable":true,"href":"https:\/\/worldafrica-experience.com\/es_es\/wp-json\/wp\/v2\/users\/1"}],"replies":[{"embeddable":true,"href":"https:\/\/worldafrica-experience.com\/es_es\/wp-json\/wp\/v2\/comments?post=132"}],"version-history":[{"count":3,"href":"https:\/\/worldafrica-experience.com\/es_es\/wp-json\/wp\/v2\/pages\/132\/revisions"}],"predecessor-version":[{"id":264,"href":"https:\/\/worldafrica-experience.com\/es_es\/wp-json\/wp\/v2\/pages\/132\/revisions\/264"}],"wp:attachment":[{"href":"https:\/\/worldafrica-experience.com\/es_es\/wp-json\/wp\/v2\/media?parent=132"}],"curies":[{"name":"wp","href":"https:\/\/api.w.org\/{rel}","templated":true}]}}