{"id":136,"date":"2018-11-17T17:44:58","date_gmt":"2018-11-17T17:44:58","guid":{"rendered":"http:\/\/worldafrica-experience.com\/?page_id=136"},"modified":"2018-11-20T08:42:38","modified_gmt":"2018-11-20T08:42:38","slug":"en-campamemtos","status":"publish","type":"page","link":"https:\/\/worldafrica-experience.com\/en\/en-campamemtos","title":{"rendered":"ON CAMPS"},"content":{"rendered":"<p style=\"text-align: center;\"><span style=\"font-size: 14pt;\">We have of <strong>mobile camps<\/strong> with chefs, waiters, assistant and everything that can offer us a hotel with the big difference that will be in <strong>private<\/strong> for your customers, with a minimum of 2 persons and for 2 to 3 days<\/span><\/p>\n<p>&nbsp;<\/p>\n<p><img loading=\"lazy\" class=\"size-large wp-image-254 aligncenter\" src=\"http:\/\/worldafrica-experience.com\/wp-content\/uploads\/2018\/11\/Camp-View-1024x683.jpg\" alt=\"\" width=\"1024\" height=\"683\" srcset=\"https:\/\/worldafrica-experience.com\/wp-content\/uploads\/2018\/11\/Camp-View-1024x683.jpg 1024w, https:\/\/worldafrica-experience.com\/wp-content\/uploads\/2018\/11\/Camp-View-300x200.jpg 300w, https:\/\/worldafrica-experience.com\/wp-content\/uploads\/2018\/11\/Camp-View-768x512.jpg 768w\" sizes=\"(max-width: 1024px) 100vw, 1024px\" \/><\/p>\n<p><img loading=\"lazy\" class=\"size-large wp-image-255 aligncenter\" src=\"http:\/\/worldafrica-experience.com\/wp-content\/uploads\/2018\/11\/Double-Tent-1-1024x682.jpg\" alt=\"\" width=\"1024\" height=\"682\" srcset=\"https:\/\/worldafrica-experience.com\/wp-content\/uploads\/2018\/11\/Double-Tent-1-1024x682.jpg 1024w, https:\/\/worldafrica-experience.com\/wp-content\/uploads\/2018\/11\/Double-Tent-1-300x200.jpg 300w, https:\/\/worldafrica-experience.com\/wp-content\/uploads\/2018\/11\/Double-Tent-1-768x511.jpg 768w\" sizes=\"(max-width: 1024px) 100vw, 1024px\" \/><\/p>","protected":false},"excerpt":{"rendered":"<p>Disponemos de campamento m\u00f3viles con cocineros, camareros, ayudante y todo lo necesario que puede ofrecernos un hotel con la gran diferencia que ser\u00e1 en privado para vuestros clientes, con un m\u00ednimo de 2 personas y una estancia de 2 a 3 d\u00edas &nbsp;<\/p>","protected":false},"author":1,"featured_media":0,"parent":0,"menu_order":0,"comment_status":"closed","ping_status":"closed","template":"full-width.php","meta":{"spay_email":""},"jetpack_sharing_enabled":true,"jetpack_shortlink":"https:\/\/wp.me\/PaoFiC-2c","_links":{"self":[{"href":"https:\/\/worldafrica-experience.com\/en\/wp-json\/wp\/v2\/pages\/136"}],"collection":[{"href":"https:\/\/worldafrica-experience.com\/en\/wp-json\/wp\/v2\/pages"}],"about":[{"href":"https:\/\/worldafrica-experience.com\/en\/wp-json\/wp\/v2\/types\/page"}],"author":[{"embeddable":true,"href":"https:\/\/worldafrica-experience.com\/en\/wp-json\/wp\/v2\/users\/1"}],"replies":[{"embeddable":true,"href":"https:\/\/worldafrica-experience.com\/en\/wp-json\/wp\/v2\/comments?post=136"}],"version-history":[{"count":4,"href":"https:\/\/worldafrica-experience.com\/en\/wp-json\/wp\/v2\/pages\/136\/revisions"}],"predecessor-version":[{"id":258,"href":"https:\/\/worldafrica-experience.com\/en\/wp-json\/wp\/v2\/pages\/136\/revisions\/258"}],"wp:attachment":[{"href":"https:\/\/worldafrica-experience.com\/en\/wp-json\/wp\/v2\/media?parent=136"}],"curies":[{"name":"wp","href":"https:\/\/api.w.org\/{rel}","templated":true}]}}