{"id":117,"date":"2018-11-17T17:30:04","date_gmt":"2018-11-17T17:30:04","guid":{"rendered":"http:\/\/worldafrica-experience.com\/?page_id=117"},"modified":"2018-11-17T17:33:21","modified_gmt":"2018-11-17T17:33:21","slug":"trekkings-guiados","status":"publish","type":"page","link":"https:\/\/worldafrica-experience.com\/en\/trekkings-guiados","title":{"rendered":"GUIDED TREKKINGS"},"content":{"rendered":"<p style=\"text-align: center;\"><span style=\"font-size: 14pt;\">Apart from the great trekking from 5 to 6 days to the <strong>Kilimanjaro mountain<\/strong>, we have a wide selection of small trekking 1 day as <strong>Empakai Cr\u00e1ter<\/strong>, <strong>Olmoti Cr\u00e1ters<\/strong>3-day route in shops and small circuits of hours around the city of <strong>Arusha<\/strong> and <strong>Moshi<\/strong>.<\/span><\/p>\n<p>&nbsp;<\/p>\n<p><img loading=\"lazy\" class=\"alignnone size-large wp-image-118 aligncenter\" src=\"http:\/\/worldafrica-experience.com\/wp-content\/uploads\/2018\/11\/Trekkings-Guiados-1024x683.jpg\" alt=\"\" width=\"1024\" height=\"683\" srcset=\"https:\/\/worldafrica-experience.com\/wp-content\/uploads\/2018\/11\/Trekkings-Guiados-1024x683.jpg 1024w, https:\/\/worldafrica-experience.com\/wp-content\/uploads\/2018\/11\/Trekkings-Guiados-300x200.jpg 300w, https:\/\/worldafrica-experience.com\/wp-content\/uploads\/2018\/11\/Trekkings-Guiados-768x512.jpg 768w\" sizes=\"(max-width: 1024px) 100vw, 1024px\" \/><\/p>","protected":false},"excerpt":{"rendered":"<p>A parte de las grandes trekking de 5 a 6 d\u00edas a la Monta\u00f1a de Kilimanjaro, tenemos una amplia carta de peque\u00f1os trekkings de 1 d\u00eda como Empakai Cr\u00e1ter, Olmoti Cr\u00e1ters, ruta de 3 d\u00edas en tiendas y peque\u00f1os circuitos de horas alrededor de la ciudad de Arusha y Moshi. &nbsp;<\/p>","protected":false},"author":1,"featured_media":0,"parent":0,"menu_order":0,"comment_status":"closed","ping_status":"closed","template":"full-width.php","meta":{"spay_email":""},"jetpack_sharing_enabled":true,"jetpack_shortlink":"https:\/\/wp.me\/PaoFiC-1T","_links":{"self":[{"href":"https:\/\/worldafrica-experience.com\/en\/wp-json\/wp\/v2\/pages\/117"}],"collection":[{"href":"https:\/\/worldafrica-experience.com\/en\/wp-json\/wp\/v2\/pages"}],"about":[{"href":"https:\/\/worldafrica-experience.com\/en\/wp-json\/wp\/v2\/types\/page"}],"author":[{"embeddable":true,"href":"https:\/\/worldafrica-experience.com\/en\/wp-json\/wp\/v2\/users\/1"}],"replies":[{"embeddable":true,"href":"https:\/\/worldafrica-experience.com\/en\/wp-json\/wp\/v2\/comments?post=117"}],"version-history":[{"count":3,"href":"https:\/\/worldafrica-experience.com\/en\/wp-json\/wp\/v2\/pages\/117\/revisions"}],"predecessor-version":[{"id":124,"href":"https:\/\/worldafrica-experience.com\/en\/wp-json\/wp\/v2\/pages\/117\/revisions\/124"}],"wp:attachment":[{"href":"https:\/\/worldafrica-experience.com\/en\/wp-json\/wp\/v2\/media?parent=117"}],"curies":[{"name":"wp","href":"https:\/\/api.w.org\/{rel}","templated":true}]}}