{"id":109,"date":"2018-11-17T17:22:14","date_gmt":"2018-11-17T17:22:14","guid":{"rendered":"http:\/\/worldafrica-experience.com\/?page_id=109"},"modified":"2018-11-17T17:37:41","modified_gmt":"2018-11-17T17:37:41","slug":"safaris-a-la-carta","status":"publish","type":"page","link":"https:\/\/worldafrica-experience.com\/en\/safaris-a-la-carta","title":{"rendered":"CUSTOM SAFARIS"},"content":{"rendered":"<p style=\"text-align: center;\"><span style=\"font-size: 14pt;\">We keep <strong>direct communication<\/strong> from our office in Barcelona - Spain, with a fluid communication with travel agents, as well as visits of training to the travel agency.<\/span><\/p>\n<p>&nbsp;<\/p>\n<p><img loading=\"lazy\" class=\"size-large wp-image-110 aligncenter\" src=\"http:\/\/worldafrica-experience.com\/wp-content\/uploads\/2018\/11\/Safaris-a-la-Carta-1024x674.jpg\" alt=\"\" width=\"1024\" height=\"674\" srcset=\"https:\/\/worldafrica-experience.com\/wp-content\/uploads\/2018\/11\/Safaris-a-la-Carta-1024x674.jpg 1024w, https:\/\/worldafrica-experience.com\/wp-content\/uploads\/2018\/11\/Safaris-a-la-Carta-300x197.jpg 300w, https:\/\/worldafrica-experience.com\/wp-content\/uploads\/2018\/11\/Safaris-a-la-Carta-768x505.jpg 768w, https:\/\/worldafrica-experience.com\/wp-content\/uploads\/2018\/11\/Safaris-a-la-Carta.jpg 1173w\" sizes=\"(max-width: 1024px) 100vw, 1024px\" \/><\/p>","protected":false},"excerpt":{"rendered":"<p>Mantenemos una comunicaci\u00f3n directa desde nuestra oficina de Barcelona &#8211; Espa\u00f1a, con una comunicaci\u00f3n fluida con los agentes de viajes, as\u00ed como visitas de formaci\u00f3n a las Agencia de Viajes. &nbsp;<\/p>","protected":false},"author":1,"featured_media":0,"parent":0,"menu_order":0,"comment_status":"closed","ping_status":"closed","template":"full-width.php","meta":{"spay_email":""},"jetpack_sharing_enabled":false,"jetpack_shortlink":"https:\/\/wp.me\/PaoFiC-1L","_links":{"self":[{"href":"https:\/\/worldafrica-experience.com\/en\/wp-json\/wp\/v2\/pages\/109"}],"collection":[{"href":"https:\/\/worldafrica-experience.com\/en\/wp-json\/wp\/v2\/pages"}],"about":[{"href":"https:\/\/worldafrica-experience.com\/en\/wp-json\/wp\/v2\/types\/page"}],"author":[{"embeddable":true,"href":"https:\/\/worldafrica-experience.com\/en\/wp-json\/wp\/v2\/users\/1"}],"replies":[{"embeddable":true,"href":"https:\/\/worldafrica-experience.com\/en\/wp-json\/wp\/v2\/comments?post=109"}],"version-history":[{"count":6,"href":"https:\/\/worldafrica-experience.com\/en\/wp-json\/wp\/v2\/pages\/109\/revisions"}],"predecessor-version":[{"id":128,"href":"https:\/\/worldafrica-experience.com\/en\/wp-json\/wp\/v2\/pages\/109\/revisions\/128"}],"wp:attachment":[{"href":"https:\/\/worldafrica-experience.com\/en\/wp-json\/wp\/v2\/media?parent=109"}],"curies":[{"name":"wp","href":"https:\/\/api.w.org\/{rel}","templated":true}]}}